{"id":21,"date":"2019-12-30T10:03:38","date_gmt":"2019-12-30T09:03:38","guid":{"rendered":"https:\/\/emocjedziecka.pl\/szkolenia\/?page_id=21"},"modified":"2023-06-19T22:14:02","modified_gmt":"2023-06-19T20:14:02","slug":"regulamin","status":"publish","type":"page","link":"https:\/\/emocjedziecka.pl\/szkolenia\/regulamin\/","title":{"rendered":"Regulamin"},"content":{"rendered":"<p><strong>\u00a71 REGULAMIN SZKOLE\u0143 I WARSZTAT\u00d3W<\/strong><br \/>\nRegulamin okres\u0301la zasady uczestnictwa w szkoleniach i warsztatach organizowanych przez PIRO Studio Piotr Karcz, ul. Kozielska 109\/22, 44-121 Gliwice NIP: 5771967553. Przepisy niniejszego Regulaminu stanowi\u0105 integralna\u0328 cze\u0328s\u0301c\u0301 zg\u0142oszenia uczestnictwa w szkoleniach i warsztatach oraz obowi\u0105zuj\u0105 wszystkich uczestnik\u00f3w.<\/p>\n<p><strong>I ZASADY UCZESTNICTWA<\/strong><br \/>\nPodstawa\u0328 uczestnictwa w szkoleniu lub warsztacie jest:<br \/>\n1. Dokonanie rejestracji odbywa si\u0119 droga\u0328 elektroniczna\u0328 poprzez wype\u0142nienie formularza zamieszczonego na stronie internetowej\u00a0 emocjedziecka.pl<br \/>\n2. Dokonanie op\u0142aty za szkolenie lub warsztaty w podanej kwocie w przeci\u0105gu 3 dni od daty otrzymania wiadomo\u015bci e-mail z potwierdzeniem przyje\u0328cia zg\u0142oszenia rejestracyjnego. Numer konta bankowego be\u0328dzie podany w wiadomo\u015bci e-mail.<br \/>\na) Po dokonanej wp\u0142acie uczestnik otrzyma informacje\u0328 o mo\u017cliwo\u015bci uczestnictwa w szkoleniu.<br \/>\nb) Brak wp\u0142aty w terminie 3 dni, oznacza brak zapisu na list\u0119 g\u0142\u00f3wna\u0328 lub rezerwowa\u0328.<br \/>\n3. O przyje\u0328ciu na szkolenie decyduje kolejno\u015b\u0107 wp\u0142at na konto oraz spe\u0142nienie wymaga\u0144 pkt. 1,2,3 niniejszego Regulaminu. Zastrzegamy sobie prawo do odmowy przyje\u0328cia zg\u0142oszenia lub wpisania uczestnika na list\u0119 rezerwowa\u0328, je\u017celi lista g\u0142\u00f3wna uczestnik\u00f3w w danym terminie be\u0328dzie ju\u017c zamknie\u0328ta.<br \/>\n4. Osoby, kto\u0301re dokona\u0142y p\u0142atno\u015bci, a nie dosta\u0142y si\u0119 na list\u0119 g\u0142\u00f3wn\u0105 szkolenia lub warsztatu, otrzymaj\u0105 zwrot wp\u0142aty lub przepisanie wp\u0142aty na kolej\u0105 edycje\u0328 szkolenia lub warsztatu (zgodnie z ustaleniami z uczestnikiem).<br \/>\n5. W przypadku rezygnacji uczestnika z udzia\u0142u w szkoleniu lub warsztatu:<br \/>\na. Je\u015bli rezygnacja nasta\u0328pi\u0142a na miesi\u0105c przed terminem zaje\u0328c\u0301 wp\u0142acona kwota zostaje zwr\u00f3cona w ca\u0142o\u015bci lub przesunie\u0328ta na kolejne proponowane zaje\u0328cia (zgodnie z ustaleniami z uczestnikiem).<br \/>\nb. Je\u017celi rezygnacja nasta\u0328pi\u0142a w terminie kro\u0301tszym ni\u017c miesi\u0105c a d\u0142u\u017cszym ni\u017c 14 dni, bez wzgl\u0119du na jej przyczyn\u0119, powoduje utrat\u0119 50% ca\u0142kowitej wp\u0142aty za szkolenie lub warsztat.<br \/>\nc. Je\u017celi rezygnacja nasta\u0328pi\u0142a w terminie kro\u0301tszym ni\u017c 14 dni, bez wzgl\u0119du na jej przyczyn\u0119, powoduje utrat\u0119 100% ca\u0142kowitej wp\u0142aty za szkolenie lub warsztat.<\/p>\n<p><strong>II SPRAWY ORGANIZACYJNE<\/strong><br \/>\n1. Zaje\u0328cia w ramach szkolenia lub warsztatu odbywa\u0107 si\u0119 be\u0328da\u0328 zgodnie z przyje\u0328tym planem, podanym w og\u0142oszeniu.<br \/>\n2. W uzasadnionych przypadkach zastrzegamy sobie prawo do odwo\u0142ania szkolenia lub warsztatu oraz zmiany jego terminu do 3 dni przed terminem rozpocz\u0119cia zaje\u0328c\u0301. W takiej sytuacji zostanie zaproponowany kolejny termin za porozumieniem zainteresowanych stron lub zwrot 100% wp\u0142aconej kwoty.<br \/>\n3. W przypadku odwo\u0142ania szkolenia lub warsztatu w terminie kro\u0301tszym ni\u017c 3 dni od rozpocz\u0119cia z przyczyn lez\u0307a\u0328cych po stronie organizatora, uczestnik otrzyma zwrot w wysoko\u015bci 100% wp\u0142aconej kwoty, ba\u0328dz\u0301 zostanie zaproponowany kolejny termin za porozumieniem zainteresowanych stron oraz zwrot poniesionych koszt\u00f3w dojazdu na podstawie przes\u0142anych paragon\u00f3w\/faktur.<br \/>\n4. Op\u0142at\u0119 za uczestnictwo w szkoleniu uczestnik powinien wp\u0142aci\u0107 na numer konta podany w wiadomo\u015bci e-mail z informacja\u0328 o przyje\u0328ciu zg\u0142oszenia rejestracyjnego.<br \/>\n5. Faktura zostanie wystawiona na pro\u015bb\u0119 uczestnika w przeci\u0105gu 30 dni od daty wp\u0142ywu na podany numer konta.<br \/>\n6. Organizatorem jest:<br \/>\nEmocje Dziecka Anna Karcz, ul. Dziewanny 11\/4, 44-100 Gliwice NIP: 5771914462<\/p>\n<p><strong>III BEZPIECZE\u0143STWO<\/strong><br \/>\n1. Nie ponosimy odpowiedzialno\u015bci za rzeczy uczestnik\u00f3w, kto\u0301re mog\u0105 zosta\u0107 zagubione, zniszczone ba\u0328dz\u0301 skradzione podczas szkolenia lub warsztatu.<br \/>\n2. Uczestnicy s\u0105 zobowi\u0105zani do przestrzegania zasad bezpiecze\u0144stwa BHP i pp., jakie obowi\u0105zuj\u0105 na terenie obiektu, w kto\u0301rym organizowane jest szkolenie lub warsztat.<br \/>\n3. Uczestnicy ponosz\u0105 pe\u0142na\u0328 odpowiedzialno\u015b\u0107 materialna\u0328 za dokonane przez siebie zniszczenia na terenie obiektu, w kto\u0301rym odbywa si\u0119 szkolenie lub warsztat.<\/p>\n<p><strong>IV INNE<\/strong><br \/>\n1. Zabronione jest filmowanie, nagrywanie d\u017awi\u0119ku i fotografowanie podczas szkolenia lub warsztatu bez zgody organizatora.<br \/>\n2. Wszystkie materia\u0142y wykorzystywane oraz udost\u0119pniane uczestnikom przez organizatora obje\u0328te s\u0105 prawami w\u0142asno\u015bci intelektualnej.<br \/>\n3. Z\u0307adna cze\u0328s\u0301c\u0301 materia\u0142\u00f3w szkoleniowych nie mo\u017ce by\u0107 powielana ani rozpowszechniana za pomoc\u0105 urz\u0105dze\u0144 mechanicznych, kopiuj\u0105cych, nagrywaj\u0105cych i innych &#8211; bez pisemnej zgody organizatora.<br \/>\n4. Szkolenie lub warsztat mo\u017ce by\u0107 filmowane oraz fotografowane przez organizatora.<br \/>\n5. Udzia\u0142 w zaj\u0119ciach jest ro\u0301wnoznaczny z przeniesieniem na organizatora autorskich praw do nagra\u0144 i zdj\u0119\u0107 oraz z wyraz\u0307eniem zgody na komercyjne ich wykorzystanie w przypadku:<br \/>\na) Gdy uczestnik zostanie sfilmowany lub sfotografowany w ramach udzia\u0142u w szkoleniu lub warsztacie.<br \/>\nb) Gdy uczestnik dobrowolnie wyrazi zgod\u0105 na udzielenie wywiadu przed kamera\u0328, ba\u0328dz\u0301 pozowanie do zdj\u0119cia.<br \/>\n6. Zarejestrowanie si\u0119 w charakterze uczestnika jest ro\u0301wnoznaczne z udzieleniem zgody na przetwarzanie danych osobowych niezb\u0119dnych do rejestracji oraz wystawienia certyfikatu uczestnictwa.<br \/>\n7. Zarejestrowanie si\u0119 w charakterze uczestnika jest ro\u0301wnoznaczne z zaakceptowaniem powy\u017cszego Regulaminu.<br \/>\nWe wszystkich sprawach organizacyjnych (pytania, wa\u0328tpliwos\u0301ci, problemy) uczestnicy powinni kontaktowa\u0107 si\u0119 z Anna\u0328 Karcz tel. 668 476 899, e-mail: anna@emocjedziecka.pl<\/p>\n<p><span class=\"_5yl5\"><strong>\u00a72 REGULAMIN ZAKUPU KART PRACY<\/strong><br \/>\nRegulamin okre\u015bla sprzeda\u017c ebook&#8217;\u00f3w (kart pracy) przez Emocje Dziecka S.C. Anna Karcz, Piotr Karcz ul. Kozielska 109\/22, 44-121 Gliwice NIP 6312687352<br \/>\n1. Sprzeda\u017c dotyczy kart pracy w formacie PDF. Karty s\u0105 nieedytowalne i przygotowane do samodzielnego wydruku.<br \/>\n2. Po zaksi\u0119gowaniu przelewu na naszym koncie, na podany adres email z zam\u00f3wienia, otrzymuj\u0105 Pa\u0144stwo link z dost\u0119pem do zam\u00f3wionych kart pracy . Prosimy uwzgl\u0119dni\u0107, i\u017c zaksi\u0119gowanie przelewu wychodz\u0105cego w Pa\u0144stwa banku nie oznacza i\u017c \u015brodki zosta\u0142y ju\u017c zaksi\u0119gowane na koncie firmy. Na szczeg\u00f3ln\u0105 uwag\u0119 zas\u0142uguj\u0105 zw\u0142aszcza dni pi\u0105tek \u2013 niedziela, kiedy \u015brodki z innych bank\u00f3w ni\u017c ten z kt\u00f3rym wsp\u00f3\u0142pracujemy, maj\u0105 prawo nie zosta\u0107 zaksi\u0119gowane. Od czasu zaksi\u0119gowania pliki zostan\u0105 wys\u0142ane w najkr\u00f3tszym mo\u017cliwym czasie (od kilku minut do max. 48 godz.).<br \/>\n3. W razie zbyt d\u0142ugiego oczekiwania &#8211; prosimy sprawdzi\u0107 w skrzynce odbiorczej folder SPAM, a nast\u0119pnie napisa\u0107 wiadomo\u015b\u0107 na adres: anna@emocjedziecka.pl<br \/>\n4. Grafiki wykorzystane w oferowanych materia\u0142ach posiadaj\u0105 op\u0142acon\u0105 licencj\u0119 b\u0105d\u017a podlegaj\u0105 pod CC0 Creative Commons.<br \/>\n5. Wymogi techniczne. Karty s\u0105 dostarczane w formacie PDF (przesy\u0142ane bez dodatkowych op\u0142at na wskazany adres e-mail). Sugerowany program do przegl\u0105dania oraz drukowania stron to Adobe Acrobat Reader (do pobrania za darmo ze strony producenta <a href=\"https:\/\/get.adobe.com\/pl\/reader\/?fbclid=IwAR3KIH_wVCtiDSBzFjk-uQ4JqVGP6lQASG10aZJg-xtjvmG5H6G3a7tE8v0\" target=\"_blank\" rel=\"nofollow noopener noreferrer\" data-lynx-mode=\"hover\" data-lynx-uri=\"https:\/\/l.facebook.com\/l.php?u=https%3A%2F%2Fget.adobe.com%2Fpl%2Freader%2F%3Ffbclid%3DIwAR3KIH_wVCtiDSBzFjk-uQ4JqVGP6lQASG10aZJg-xtjvmG5H6G3a7tE8v0&amp;h=AT1Ra8o9vVrnkbfewb6dwCNIWS-NPedC5OSxavxZ5ZEzyvLJ9Pf11lweV37hLIaeVpw00znz7gCJ6vGDmXyJffIHO1ErSf89pdiyDwWeYH_JAqofLFO0SQlQ5tbeF4-lGW7waHgfKmY\">https:\/\/get.adobe.com\/pl\/reader\/<\/a>).<br \/>\n6. W sk\u0142ad ceny PDF wchodzi podatek dochodowy. Sprzedawca jest zwolniony podmiotowo z podatku od towar\u00f3w i us\u0142ug na podstawie art.113 ust1 Ustawy Vat.<br \/>\n7. <\/span><span class=\"text-light\">Firma Emocje Dziecka zachowuj\u0105 wszelkie prawa, w tym prawa w\u0142asno\u015bci i udzia\u0142y dotycz\u0105ce Us\u0142ug lub sprzedawanych produkt\u00f3w. Z zastrze\u017ceniem odmiennych przypadk\u00f3w okre\u015blonych w Warunkach, Emocje Dziecka nie udziela U\u017cytkownikowi \u017cadnych praw dotycz\u0105cych patent\u00f3w, tajemnic handlowych, znak\u00f3w towarowych, praw autorskich ani innych praw w odniesieniu do element\u00f3w zawartych w Produktach lub Us\u0142ugach. Emocje Dziecka zastrzega sobie wszystkie prawa nieudzielone na mocy niniejszych Warunk\u00f3w.<br \/>\n8. <\/span><span class=\"text-light\">Niedozwolone u\u017cytkowanie. U\u017cytkownik nie mo\u017ce korzysta\u0107 z Us\u0142ug lub Produkt\u00f3w w spos\u00f3b niedozwolony. Niedozwolone jest na przyk\u0142ad:<br \/>\n<\/span><span class=\"text-light\">(a) kopiowanie, modyfikowanie, udost\u0119pnianie, odsprzedawanie Us\u0142ug lub Produktu oraz udzielanie dalszych licencji na Us\u0142ugi lub Produkty;<br \/>\n<\/span><span class=\"text-light\">(b) umo\u017cliwianie korzystania lub zezwalanie innym na korzystanie z Us\u0142ug lub Produkt\u00f3w z u\u017cyciem danych konta U\u017cytkownika<br \/>\n<\/span><span class=\"text-light\">(c) udost\u0119pnianie Zawarto\u015bci lub podejmowanie dzia\u0142a\u0144 naruszaj\u0105cych prawa w\u0142asno\u015bci intelektualnej, prawa autorskie maj\u0105tkowe, prawa autorskie osobiste, prawa do znak\u00f3w handlowych i znak\u00f3w towarowych, patenty, tajemnice handlowe, prawa dotycz\u0105ce nieuczciwej konkurencji, prawo do zachowania prywatno\u015bci, prawo do upubliczniania i wszelkie inne prawa w\u0142asno\u015bci);<br \/>\n<\/span><span class=\"text-light\">(d) podawanie si\u0119 za inn\u0105 osob\u0119 lub podmiot lub podawanie nieprawdziwych informacji dotycz\u0105cych powi\u0105za\u0144 U\u017cytkownika z inn\u0105 osob\u0105 lub podmiotem;<br \/>\n<\/span><span class=\"text-light\">(e) podejmowanie pr\u00f3b dezaktywowania, uszkodzenia lub zniszczenia Us\u0142ug i Oprogramowania;<br \/>\n<\/span><span class=\"text-light\">(f) reklamowanie za po\u015brednictwem Us\u0142ug jakichkolwiek produkt\u00f3w i us\u0142ug z wyj\u0105tkiem sytuacji, w kt\u00f3rej U\u017cytkownik uzyska\u0142 na to wcze\u015bniejsz\u0105 pisemn\u0105 zgod\u0119 Emocje Dziecka;<\/span><\/p>\n<p><strong>\u00a73 US\u0141UGI \u015aWIADCZONE DROG\u0104 ELEKTRONICZN\u0104<\/strong><br \/>\n1. Za po\u015brednictwem Strony Internetowej, Sprzedawca \u015bwiadczy na rzecz Kupuj\u0105cego us\u0142ugi drog\u0105 elektroniczn\u0105.<br \/>\n2. Podstawow\u0105 us\u0142ug\u0105 \u015bwiadczon\u0105 drog\u0105 elektroniczn\u0105 na rzecz Kupuj\u0105cego przez Sprzedawc\u0119 jest umo\u017cliwienie Kupuj\u0105cemu z\u0142o\u017cenia zam\u00f3wienia na Stronie Internetowej. Z\u0142o\u017cenie zam\u00f3wienia mo\u017cliwe jest bez konieczno\u015bci za\u0142o\u017cenia konta.<br \/>\n3. Us\u0142ugi \u015bwiadczone s\u0105 drog\u0105 elektroniczn\u0105 na rzecz Kupuj\u0105cego nieodp\u0142atnie. Odp\u0142atne s\u0105 natomiast umowy sprzeda\u017cy zawierane za po\u015brednictwem Strony Internetowej<br \/>\n4. W celu zapewnienia bezpiecze\u0144stwa Kupuj\u0105cemu i przekazu danych w zwi\u0105zku z korzystaniem ze Strony Internetowej, Sprzedawca podejmuje \u015brodki techniczne i organizacyjne odpowiednie do stopnia zagro\u017cenia bezpiecze\u0144stwa \u015bwiadczonych us\u0142ug, w szczeg\u00f3lno\u015bci \u015brodki s\u0142u\u017c\u0105ce zapobieganiu pozyskiwania i modyfikacji danych osobowych przez osoby nieuprawnione.<br \/>\n5. Sprzedawca podejmuje dzia\u0142ania w celu zapewnienia w pe\u0142ni poprawnego funkcjonowania Strony Internetowej. Kupuj\u0105cy powinien poinformowa\u0107 Sprzedawc\u0119 o wszelkich nieprawid\u0142owo\u015bciach lub przerwach w funkcjonowaniu Strony Internetowej.<br \/>\n8. Wszelkie reklamacje zwi\u0105zane z funkcjonowaniem Strony Internetowej, Kupuj\u0105cy mo\u017ce zg\u0142asza\u0107 za po\u015brednictwem poczty elektronicznej na adres e-mail anna@emocjedziecka.pl W reklamacji Kupuj\u0105cy powinien poda\u0107 imi\u0119 i nazwisko, adres do korespondencji, a tak\u017ce rodzaj i dat\u0119 wyst\u0105pienia nieprawid\u0142owo\u015bci zwi\u0105zanej z funkcjonowaniem Strony Internetowej. Sprzedawca b\u0119dzie rozpatrywa\u0107 wszelkie reklamacje w terminie do 14 dni od otrzymania reklamacji i poinformuje Klienta o jej rozstrzygni\u0119ciu na adres e-mail sk\u0142adaj\u0105cego reklamacj\u0119.<\/p>\n<p>Niniejszy regulamin wchodzi w z\u0307ycie z dniem 26.02.2020 r.<\/p>\n","protected":false},"excerpt":{"rendered":"<p>\u00a71 REGULAMIN SZKOLE\u0143 I WARSZTAT\u00d3W Regulamin okres\u0301la zasady uczestnictwa w szkoleniach i warsztatach organizowanych przez PIRO Studio Piotr Karcz, ul. Kozielska 109\/22, 44-121 Gliwice NIP: 5771967553. Przepisy niniejszego Regulaminu stanowi\u0105 integralna\u0328 cze\u0328s\u0301c\u0301 zg\u0142oszenia uczestnictwa w szkoleniach i warsztatach oraz obowi\u0105zuj\u0105 wszystkich uczestnik\u00f3w. I ZASADY UCZESTNICTWA Podstawa\u0328 uczestnictwa w szkoleniu lub warsztacie jest: 1. Dokonanie rejestracji [&hellip;]<\/p>\n","protected":false},"author":1,"featured_media":0,"parent":0,"menu_order":0,"comment_status":"closed","ping_status":"closed","template":"","meta":[],"yoast_head":"<!-- This site is optimized with the Yoast SEO plugin v20.9 - https:\/\/yoast.com\/wordpress\/plugins\/seo\/ -->\n<title>Regulamin - Emocje Dziecka<\/title>\n<meta name=\"robots\" content=\"index, follow, max-snippet:-1, max-image-preview:large, max-video-preview:-1\" \/>\n<link rel=\"canonical\" href=\"https:\/\/emocjedziecka.pl\/szkolenia\/regulamin\/\" \/>\n<meta property=\"og:locale\" content=\"pl_PL\" \/>\n<meta property=\"og:type\" content=\"article\" \/>\n<meta property=\"og:title\" content=\"Regulamin - Emocje Dziecka\" \/>\n<meta property=\"og:description\" content=\"\u00a71 REGULAMIN SZKOLE\u0143 I WARSZTAT\u00d3W Regulamin okres\u0301la zasady uczestnictwa w szkoleniach i warsztatach organizowanych przez PIRO Studio Piotr Karcz, ul. Kozielska 109\/22, 44-121 Gliwice NIP: 5771967553. Przepisy niniejszego Regulaminu stanowi\u0105 integralna\u0328 cze\u0328s\u0301c\u0301 zg\u0142oszenia uczestnictwa w szkoleniach i warsztatach oraz obowi\u0105zuj\u0105 wszystkich uczestnik\u00f3w. I ZASADY UCZESTNICTWA Podstawa\u0328 uczestnictwa w szkoleniu lub warsztacie jest: 1. Dokonanie rejestracji [&hellip;]\" \/>\n<meta property=\"og:url\" content=\"https:\/\/emocjedziecka.pl\/szkolenia\/regulamin\/\" \/>\n<meta property=\"og:site_name\" content=\"Emocje Dziecka\" \/>\n<meta property=\"article:modified_time\" content=\"2023-06-19T20:14:02+00:00\" \/>\n<meta name=\"twitter:card\" content=\"summary_large_image\" \/>\n<meta name=\"twitter:label1\" content=\"Szacowany czas czytania\" \/>\n\t<meta name=\"twitter:data1\" content=\"8 minut\" \/>\n<script type=\"application\/ld+json\" class=\"yoast-schema-graph\">{\"@context\":\"https:\/\/schema.org\",\"@graph\":[{\"@type\":\"WebPage\",\"@id\":\"https:\/\/emocjedziecka.pl\/szkolenia\/regulamin\/\",\"url\":\"https:\/\/emocjedziecka.pl\/szkolenia\/regulamin\/\",\"name\":\"Regulamin - Emocje Dziecka\",\"isPartOf\":{\"@id\":\"https:\/\/emocjedziecka.pl\/szkolenia\/#website\"},\"datePublished\":\"2019-12-30T09:03:38+00:00\",\"dateModified\":\"2023-06-19T20:14:02+00:00\",\"breadcrumb\":{\"@id\":\"https:\/\/emocjedziecka.pl\/szkolenia\/regulamin\/#breadcrumb\"},\"inLanguage\":\"pl-PL\",\"potentialAction\":[{\"@type\":\"ReadAction\",\"target\":[\"https:\/\/emocjedziecka.pl\/szkolenia\/regulamin\/\"]}]},{\"@type\":\"BreadcrumbList\",\"@id\":\"https:\/\/emocjedziecka.pl\/szkolenia\/regulamin\/#breadcrumb\",\"itemListElement\":[{\"@type\":\"ListItem\",\"position\":1,\"name\":\"Strona g\u0142\u00f3wna\",\"item\":\"https:\/\/emocjedziecka.pl\/szkolenia\/\"},{\"@type\":\"ListItem\",\"position\":2,\"name\":\"Regulamin\"}]},{\"@type\":\"WebSite\",\"@id\":\"https:\/\/emocjedziecka.pl\/szkolenia\/#website\",\"url\":\"https:\/\/emocjedziecka.pl\/szkolenia\/\",\"name\":\"Emocje Dziecka\",\"description\":\"\",\"publisher\":{\"@id\":\"https:\/\/emocjedziecka.pl\/szkolenia\/#organization\"},\"potentialAction\":[{\"@type\":\"SearchAction\",\"target\":{\"@type\":\"EntryPoint\",\"urlTemplate\":\"https:\/\/emocjedziecka.pl\/szkolenia\/?s={search_term_string}\"},\"query-input\":\"required name=search_term_string\"}],\"inLanguage\":\"pl-PL\"},{\"@type\":\"Organization\",\"@id\":\"https:\/\/emocjedziecka.pl\/szkolenia\/#organization\",\"name\":\"Emocje Dziecka\",\"url\":\"https:\/\/emocjedziecka.pl\/szkolenia\/\",\"logo\":{\"@type\":\"ImageObject\",\"inLanguage\":\"pl-PL\",\"@id\":\"https:\/\/emocjedziecka.pl\/szkolenia\/#\/schema\/logo\/image\/\",\"url\":\"https:\/\/emocjedziecka.pl\/szkolenia\/wp-content\/uploads\/2019\/12\/emocje-dziecka_logo.jpg\",\"contentUrl\":\"https:\/\/emocjedziecka.pl\/szkolenia\/wp-content\/uploads\/2019\/12\/emocje-dziecka_logo.jpg\",\"width\":400,\"height\":438,\"caption\":\"Emocje Dziecka\"},\"image\":{\"@id\":\"https:\/\/emocjedziecka.pl\/szkolenia\/#\/schema\/logo\/image\/\"}}]}<\/script>\n<!-- \/ Yoast SEO plugin. -->","yoast_head_json":{"title":"Regulamin - Emocje Dziecka","robots":{"index":"index","follow":"follow","max-snippet":"max-snippet:-1","max-image-preview":"max-image-preview:large","max-video-preview":"max-video-preview:-1"},"canonical":"https:\/\/emocjedziecka.pl\/szkolenia\/regulamin\/","og_locale":"pl_PL","og_type":"article","og_title":"Regulamin - Emocje Dziecka","og_description":"\u00a71 REGULAMIN SZKOLE\u0143 I WARSZTAT\u00d3W Regulamin okres\u0301la zasady uczestnictwa w szkoleniach i warsztatach organizowanych przez PIRO Studio Piotr Karcz, ul. Kozielska 109\/22, 44-121 Gliwice NIP: 5771967553. Przepisy niniejszego Regulaminu stanowi\u0105 integralna\u0328 cze\u0328s\u0301c\u0301 zg\u0142oszenia uczestnictwa w szkoleniach i warsztatach oraz obowi\u0105zuj\u0105 wszystkich uczestnik\u00f3w. I ZASADY UCZESTNICTWA Podstawa\u0328 uczestnictwa w szkoleniu lub warsztacie jest: 1. Dokonanie rejestracji [&hellip;]","og_url":"https:\/\/emocjedziecka.pl\/szkolenia\/regulamin\/","og_site_name":"Emocje Dziecka","article_modified_time":"2023-06-19T20:14:02+00:00","twitter_card":"summary_large_image","twitter_misc":{"Szacowany czas czytania":"8 minut"},"schema":{"@context":"https:\/\/schema.org","@graph":[{"@type":"WebPage","@id":"https:\/\/emocjedziecka.pl\/szkolenia\/regulamin\/","url":"https:\/\/emocjedziecka.pl\/szkolenia\/regulamin\/","name":"Regulamin - Emocje Dziecka","isPartOf":{"@id":"https:\/\/emocjedziecka.pl\/szkolenia\/#website"},"datePublished":"2019-12-30T09:03:38+00:00","dateModified":"2023-06-19T20:14:02+00:00","breadcrumb":{"@id":"https:\/\/emocjedziecka.pl\/szkolenia\/regulamin\/#breadcrumb"},"inLanguage":"pl-PL","potentialAction":[{"@type":"ReadAction","target":["https:\/\/emocjedziecka.pl\/szkolenia\/regulamin\/"]}]},{"@type":"BreadcrumbList","@id":"https:\/\/emocjedziecka.pl\/szkolenia\/regulamin\/#breadcrumb","itemListElement":[{"@type":"ListItem","position":1,"name":"Strona g\u0142\u00f3wna","item":"https:\/\/emocjedziecka.pl\/szkolenia\/"},{"@type":"ListItem","position":2,"name":"Regulamin"}]},{"@type":"WebSite","@id":"https:\/\/emocjedziecka.pl\/szkolenia\/#website","url":"https:\/\/emocjedziecka.pl\/szkolenia\/","name":"Emocje Dziecka","description":"","publisher":{"@id":"https:\/\/emocjedziecka.pl\/szkolenia\/#organization"},"potentialAction":[{"@type":"SearchAction","target":{"@type":"EntryPoint","urlTemplate":"https:\/\/emocjedziecka.pl\/szkolenia\/?s={search_term_string}"},"query-input":"required name=search_term_string"}],"inLanguage":"pl-PL"},{"@type":"Organization","@id":"https:\/\/emocjedziecka.pl\/szkolenia\/#organization","name":"Emocje Dziecka","url":"https:\/\/emocjedziecka.pl\/szkolenia\/","logo":{"@type":"ImageObject","inLanguage":"pl-PL","@id":"https:\/\/emocjedziecka.pl\/szkolenia\/#\/schema\/logo\/image\/","url":"https:\/\/emocjedziecka.pl\/szkolenia\/wp-content\/uploads\/2019\/12\/emocje-dziecka_logo.jpg","contentUrl":"https:\/\/emocjedziecka.pl\/szkolenia\/wp-content\/uploads\/2019\/12\/emocje-dziecka_logo.jpg","width":400,"height":438,"caption":"Emocje Dziecka"},"image":{"@id":"https:\/\/emocjedziecka.pl\/szkolenia\/#\/schema\/logo\/image\/"}}]}},"_links":{"self":[{"href":"https:\/\/emocjedziecka.pl\/szkolenia\/wp-json\/wp\/v2\/pages\/21"}],"collection":[{"href":"https:\/\/emocjedziecka.pl\/szkolenia\/wp-json\/wp\/v2\/pages"}],"about":[{"href":"https:\/\/emocjedziecka.pl\/szkolenia\/wp-json\/wp\/v2\/types\/page"}],"author":[{"embeddable":true,"href":"https:\/\/emocjedziecka.pl\/szkolenia\/wp-json\/wp\/v2\/users\/1"}],"replies":[{"embeddable":true,"href":"https:\/\/emocjedziecka.pl\/szkolenia\/wp-json\/wp\/v2\/comments?post=21"}],"version-history":[{"count":7,"href":"https:\/\/emocjedziecka.pl\/szkolenia\/wp-json\/wp\/v2\/pages\/21\/revisions"}],"predecessor-version":[{"id":211,"href":"https:\/\/emocjedziecka.pl\/szkolenia\/wp-json\/wp\/v2\/pages\/21\/revisions\/211"}],"wp:attachment":[{"href":"https:\/\/emocjedziecka.pl\/szkolenia\/wp-json\/wp\/v2\/media?parent=21"}],"curies":[{"name":"wp","href":"https:\/\/api.w.org\/{rel}","templated":true}]}}